{"id":4411,"date":"2025-01-23T07:43:44","date_gmt":"2025-01-23T06:43:44","guid":{"rendered":"https:\/?page_id=4411"},"modified":"2026-01-26T10:53:34","modified_gmt":"2026-01-26T09:53:34","slug":"gcsp-formular","status":"publish","type":"page","link":"https:\/\/sawatzki-muehlenbruch.de\/en\/gcsp-formular\/","title":{"rendered":"Daten\u00fcbertragung GCSP Mitgliederprofile"},"content":{"rendered":"<div class=\"vc_row section-wrapper\" style=\"\">\n\t\n\t<div class=\"container\">\n\t\t<div class=\"row\">\n\t\t\t<div class=\"wpb_column vc_column_container vc_col-sm-12\"><div class=\"vc_column-inner\"><div class=\"wpb_wrapper\">\n\t<div class=\"wpb_text_column wpb_content_element\" >\n\t\t<div class=\"wpb_wrapper\">\n\t\t\t<p style=\"text-align: center;\">Als GCSP-Technologie-Partner erstellen wir eine neue Webpr\u00e4senz f\u00fcr den GCSP. Als Mitglied haben Sie die M\u00f6glichkeit, ihr Unternehmen hier zu pr\u00e4sentieren. Nutzen Sie zur \u00dcbertragung der Daten einfach das untenstehende Formular.<\/p>\n<p style=\"text-align: center;\"><strong>Alle Mitglieder bekommen das erste Jahr 2025 gratis und zahlen somit einmalig, nach Vertragsabschluss mit SawatzkiM\u00fchlenbruch GmbH f\u00fcr drei Jahre, nur zwei Jahresbeitr\u00e4ge \u00fcber insgesamt 120 Euro netto.<\/strong><\/p>\n<p style=\"text-align: center;\">Bei Fragen, wenden Sie sich gerne an Sarah Goerke unter <a href=\"mailto:smg@schickma.de\">smg@schickma.de<\/a> oder <a href=\"tel:004920185792742\">0201 857927 42<\/a>.<\/p>\n\n\t\t<\/div>\n\t<\/div>\n<div class=\"wpforms-container wpforms-container-full wpforms-render-modern\" id=\"wpforms-4419\"><form id=\"wpforms-form-4419\" class=\"wpforms-validate wpforms-form wpforms-ajax-form\" data-formid=\"4419\" method=\"post\" enctype=\"multipart\/form-data\" action=\"\/en\/wp-json\/wp\/v2\/pages\/4411?wpforms_form_id=4419\" data-token=\"9ee8ba8ebca6b13e657008efa9bfc4f0\" data-token-time=\"1776980332\" data-trp-original-action=\"\/en\/wp-json\/wp\/v2\/pages\/4411?wpforms_form_id=4419\"><noscript class=\"wpforms-error-noscript\">Please enable JavaScript in your browser to complete this form.<\/noscript><div class=\"wpforms-hidden\" id=\"wpforms-error-noscript\">Please enable JavaScript in your browser to complete this form.<\/div><div class=\"wpforms-field-container\"><div id=\"wpforms-4419-field_3-container\" class=\"wpforms-field wpforms-field-layout\" data-field-id=\"3\"><div class=\"wpforms-field-layout-columns wpforms-field-layout-preset-50-50\"><div class=\"wpforms-layout-column wpforms-layout-column-50\" ><div id=\"wpforms-4419-field_1-container\" class=\"wpforms-field wpforms-field-text\" data-field-id=\"1\"><label class=\"wpforms-field-label\" for=\"wpforms-4419-field_1\">Unternehmensname<\/label><input type=\"text\" id=\"wpforms-4419-field_1\" class=\"wpforms-field-medium\" name=\"wpforms[fields][1]\" aria-errormessage=\"wpforms-4419-field_1-error\" ><\/div><div id=\"wpforms-4419-field_16-container\" class=\"wpforms-field wpforms-field-text\" data-field-id=\"16\"><label class=\"wpforms-field-label\" for=\"wpforms-4419-field_16\">Webseite<\/label><input type=\"text\" id=\"wpforms-4419-field_16\" class=\"wpforms-field-medium\" name=\"wpforms[fields][16]\" aria-errormessage=\"wpforms-4419-field_16-error\" ><\/div><\/div><div class=\"wpforms-layout-column wpforms-layout-column-50\" ><div id=\"wpforms-4419-field_2-container\" class=\"wpforms-field wpforms-field-text\" data-field-id=\"2\"><label class=\"wpforms-field-label\" for=\"wpforms-4419-field_2\">Standort<\/label><input type=\"text\" id=\"wpforms-4419-field_2\" class=\"wpforms-field-medium\" name=\"wpforms[fields][2]\" aria-errormessage=\"wpforms-4419-field_2-error\" ><\/div><\/div><\/div><\/div><div id=\"wpforms-4419-field_5-container\" class=\"wpforms-field wpforms-field-layout\" data-field-id=\"5\"><div class=\"wpforms-field-layout-columns wpforms-field-layout-preset-67-33\"><div class=\"wpforms-layout-column wpforms-layout-column-67\" ><div id=\"wpforms-4419-field_4-container\" class=\"wpforms-field wpforms-field-select wpforms-field-select-style-classic\" data-field-id=\"4\"><label class=\"wpforms-field-label\" for=\"wpforms-4419-field_4\">Gesch\u00e4ftsfeld<\/label><select id=\"wpforms-4419-field_4\" class=\"wpforms-field-medium\" name=\"wpforms[fields][4][]\" multiple=\"multiple\"><option value=\"Erste Auswahl\" >Erste Auswahl<\/option><option value=\"Architekt\" >Architekt<\/option><option value=\"Berater\" >Berater<\/option><option value=\"Centerbetreiber\" >Centerbetreiber<\/option><option value=\"Einzelh\u00e4ndler\" >Einzelh\u00e4ndler<\/option><option value=\"Investor\" >Investor<\/option><option value=\"Projektentwickler\" >Projektentwickler<\/option><option value=\"Marketing\" >Marketing<\/option><\/select><\/div><\/div><div class=\"wpforms-layout-column wpforms-layout-column-33\" ><div id=\"wpforms-4419-field_6-container\" class=\"wpforms-field wpforms-field-text\" data-field-id=\"6\"><label class=\"wpforms-field-label\" for=\"wpforms-4419-field_6\">andere:<\/label><input type=\"text\" id=\"wpforms-4419-field_6\" class=\"wpforms-field-medium\" name=\"wpforms[fields][6]\" aria-errormessage=\"wpforms-4419-field_6-error\" ><\/div><\/div><\/div><\/div><div id=\"wpforms-4419-field_7-container\" class=\"wpforms-field wpforms-field-layout\" data-field-id=\"7\"><div class=\"wpforms-field-layout-columns wpforms-field-layout-preset-50-50\"><div class=\"wpforms-layout-column wpforms-layout-column-50\" ><div id=\"wpforms-4419-field_8-container\" class=\"wpforms-field wpforms-field-file-upload\" data-field-id=\"8\"><label class=\"wpforms-field-label\" for=\"wpforms-4419-field_8\">Fotos<\/label><div\n\t\tclass=\"wpforms-uploader\"\n\t\tdata-field-id=\"8\"\n\t\tdata-form-id=\"4419\"\n\t\tdata-input-name=\"wpforms_4419_8\"\n\t\tdata-extensions=\"jpg,png\"\n\t\tdata-max-size=\"268435456\"\n\t\tdata-max-file-number=\"5\"\n\t\tdata-post-max-size=\"268435456\"\n\t\tdata-max-parallel-uploads=\"4\"\n\t\tdata-parallel-uploads=\"true\"\n\t\tdata-file-chunk-size=\"2097152\">\n\t<div class=\"dz-message\">\n\t\t<svg viewbox=\"0 0 1024 1024\" focusable=\"false\" data-icon=\"inbox\" width=\"50px\" height=\"50px\" fill=\"currentColor\" aria-hidden=\"true\">\n\t\t\t<path d=\"M885.2 446.3l-.2-.8-112.2-285.1c-5-16.1-19.9-27.2-36.8-27.2H281.2c-17 0-32.1 11.3-36.9 27.6L139.4 443l-.3.7-.2.8c-1.3 4.9-1.7 9.9-1 14.8-.1 1.6-.2 3.2-.2 4.8V830a60.9 60.9 0 0 0 60.8 60.8h627.2c33.5 0 60.8-27.3 60.9-60.8V464.1c0-1.3 0-2.6-.1-3.7.4-4.9 0-9.6-1.3-14.1zm-295.8-43l-.3 15.7c-.8 44.9-31.8 75.1-77.1 75.1-22.1 0-41.1-7.1-54.8-20.6S436 441.2 435.6 419l-.3-15.7H229.5L309 210h399.2l81.7 193.3H589.4zm-375 76.8h157.3c24.3 57.1 76 90.8 140.4 90.8 33.7 0 65-9.4 90.3-27.2 22.2-15.6 39.5-37.4 50.7-63.6h156.5V814H214.4V480.1z\"><\/path>\n\t\t<\/svg>\n\t\t<span class=\"modern-title\">Click or drag files to this area to upload.<\/span>\n\n\t\t\t\t\t<span class=\"modern-hint\">You can upload up to 5 files.<\/span>\n\t\t\t<\/div>\n<\/div>\n<input\n\t\ttype=\"text\"\n\t\tautocomplete=\"off\"\n\t\treadonly\n\t\tclass=\"dropzone-input\"\n\t\tstyle=\"position:absolute!important;clip:rect(0,0,0,0)!important;height:1px!important;width:1px!important;border:0!important;overflow:hidden!important;padding:0!important;margin:0!important;\"\n\t\tid=\"wpforms-4419-field_8\"\n\t\tname=\"wpforms_4419_8\" \t\tvalue=\"\">\n<\/div><\/div><div class=\"wpforms-layout-column wpforms-layout-column-50\" ><div id=\"wpforms-4419-field_9-container\" class=\"wpforms-field wpforms-field-file-upload\" data-field-id=\"9\"><label class=\"wpforms-field-label\" for=\"wpforms-4419-field_9\">Logo<\/label><div\n\t\tclass=\"wpforms-uploader\"\n\t\tdata-field-id=\"9\"\n\t\tdata-form-id=\"4419\"\n\t\tdata-input-name=\"wpforms_4419_9\"\n\t\tdata-extensions=\"png,svg\"\n\t\tdata-max-size=\"268435456\"\n\t\tdata-max-file-number=\"2\"\n\t\tdata-post-max-size=\"268435456\"\n\t\tdata-max-parallel-uploads=\"4\"\n\t\tdata-parallel-uploads=\"true\"\n\t\tdata-file-chunk-size=\"2097152\">\n\t<div class=\"dz-message\">\n\t\t<svg viewbox=\"0 0 1024 1024\" focusable=\"false\" data-icon=\"inbox\" width=\"50px\" height=\"50px\" fill=\"currentColor\" aria-hidden=\"true\">\n\t\t\t<path d=\"M885.2 446.3l-.2-.8-112.2-285.1c-5-16.1-19.9-27.2-36.8-27.2H281.2c-17 0-32.1 11.3-36.9 27.6L139.4 443l-.3.7-.2.8c-1.3 4.9-1.7 9.9-1 14.8-.1 1.6-.2 3.2-.2 4.8V830a60.9 60.9 0 0 0 60.8 60.8h627.2c33.5 0 60.8-27.3 60.9-60.8V464.1c0-1.3 0-2.6-.1-3.7.4-4.9 0-9.6-1.3-14.1zm-295.8-43l-.3 15.7c-.8 44.9-31.8 75.1-77.1 75.1-22.1 0-41.1-7.1-54.8-20.6S436 441.2 435.6 419l-.3-15.7H229.5L309 210h399.2l81.7 193.3H589.4zm-375 76.8h157.3c24.3 57.1 76 90.8 140.4 90.8 33.7 0 65-9.4 90.3-27.2 22.2-15.6 39.5-37.4 50.7-63.6h156.5V814H214.4V480.1z\"><\/path>\n\t\t<\/svg>\n\t\t<span class=\"modern-title\">Click or drag files to this area to upload.<\/span>\n\n\t\t\t\t\t<span class=\"modern-hint\">You can upload up to 2 files.<\/span>\n\t\t\t<\/div>\n<\/div>\n<input\n\t\ttype=\"text\"\n\t\tautocomplete=\"off\"\n\t\treadonly\n\t\tclass=\"dropzone-input\"\n\t\tstyle=\"position:absolute!important;clip:rect(0,0,0,0)!important;height:1px!important;width:1px!important;border:0!important;overflow:hidden!important;padding:0!important;margin:0!important;\"\n\t\tid=\"wpforms-4419-field_9\"\n\t\tname=\"wpforms_4419_9\" \t\tvalue=\"\">\n<\/div><\/div><\/div><\/div><div id=\"wpforms-4419-field_10-container\" class=\"wpforms-field wpforms-field-textarea\" data-field-id=\"10\"><label class=\"wpforms-field-label\" for=\"wpforms-4419-field_10\">Unternehmensbeschreibung (max. 1200 Zeichen)<\/label><textarea id=\"wpforms-4419-field_10\" class=\"wpforms-field-medium wpforms-limit-characters-enabled\" data-form-id=\"4419\" data-field-id=\"10\" data-text-limit=\"1200\" name=\"wpforms[fields][10]\" aria-errormessage=\"wpforms-4419-field_10-error\" maxlength=\"1200\" ><\/textarea><\/div><div id=\"wpforms-4419-field_11-container\" class=\"wpforms-field wpforms-field-textarea\" data-field-id=\"11\"><label class=\"wpforms-field-label\" for=\"wpforms-4419-field_11\">Ansprechpartner &amp; Kontaktdaten <\/label><textarea id=\"wpforms-4419-field_11\" class=\"wpforms-field-medium\" name=\"wpforms[fields][11]\" aria-errormessage=\"wpforms-4419-field_11-error\" aria-describedby=\"wpforms-4419-field_11-description\" ><\/textarea><div id=\"wpforms-4419-field_11-description\" class=\"wpforms-field-description\">Name, Position, Mailadresse, Telefon<\/div><\/div><div id=\"wpforms-4419-field_12-container\" class=\"wpforms-field wpforms-field-checkbox\" data-field-id=\"12\"><fieldset><legend class=\"wpforms-field-label\">Bestellung absenden <span class=\"wpforms-required-label\" aria-hidden=\"true\">*<\/span><\/legend><ul id=\"wpforms-4419-field_12\" class=\"wpforms-field-required\"><li class=\"choice-1 depth-1\"><input type=\"checkbox\" id=\"wpforms-4419-field_12_1\" name=\"wpforms[fields][12][]\" value=\"Ich stimme der Verarbeitung meiner Daten f\u00fcr die Erstellung eines Mitgliederprofils auf der neuen GCSP Webseite zu.\" aria-errormessage=\"wpforms-4419-field_12_1-error\" aria-describedby=\"wpforms-4419-field_12-description\" required><label class=\"wpforms-field-label-inline\" for=\"wpforms-4419-field_12_1\">Ich stimme der Verarbeitung meiner Daten f\u00fcr die Erstellung eines Mitgliederprofils auf der neuen GCSP Webseite zu.<\/label><\/li><li class=\"choice-3 depth-1\"><input type=\"checkbox\" id=\"wpforms-4419-field_12_3\" name=\"wpforms[fields][12][]\" value=\"Ich best\u00e4tige die Bestellung des Profils zu den oben genannten Konditionen.\" aria-errormessage=\"wpforms-4419-field_12_3-error\" aria-describedby=\"wpforms-4419-field_12-description\" required><label class=\"wpforms-field-label-inline\" for=\"wpforms-4419-field_12_3\">Ich best\u00e4tige die Bestellung des Profils zu den oben genannten Konditionen.<\/label><\/li><\/ul><div id=\"wpforms-4419-field_12-description\" class=\"wpforms-field-description\">In den n\u00e4chsten Tagen erhalten Sie eine Mail mit einer Vorabansicht Ihres Profils und den Informationen zur Zahlung.<\/div><\/fieldset><\/div><\/div><!-- .wpforms-field-container --><div class=\"wpforms-submit-container\" ><input type=\"hidden\" name=\"wpforms[id]\" value=\"4419\"><input type=\"hidden\" name=\"page_title\" value=\"\"><input type=\"hidden\" name=\"page_url\" value=\"https:\/\/sawatzki-muehlenbruch.de\/en\/wp-json\/wp\/v2\/pages\/4411\"><input type=\"hidden\" name=\"url_referer\" value=\"\"><button type=\"submit\" name=\"wpforms[submit]\" id=\"wpforms-submit-4419\" class=\"wpforms-submit\" data-alt-text=\"Senden...\" data-submit-text=\"Abschicken\" aria-live=\"assertive\" value=\"wpforms-submit\">Abschicken<\/button><img decoding=\"async\" data-src=\"https:\/\/sawatzki-muehlenbruch.de\/wp-content\/plugins\/wpforms\/assets\/images\/submit-spin.svg\" class=\"wpforms-submit-spinner lazyload\" style=\"--smush-placeholder-width: 26px; --smush-placeholder-aspect-ratio: 26\/26;display: none;\" width=\"26\" height=\"26\" alt=\"Loading\" src=\"data:image\/gif;base64,R0lGODlhAQABAAAAACH5BAEKAAEALAAAAAABAAEAAAICTAEAOw==\"><\/div><input type=\"hidden\" name=\"trp-form-language\" value=\"en\"\/><\/form><\/div>  <!-- .wpforms-container --><\/div><\/div><\/div>\t\t<\/div>\n\t<\/div>\n<\/div>\n\n\n<div class=\"vc_row section-wrapper\" style=\"\">\n\t\n\t<div class=\"container\">\n\t\t<div class=\"row\">\n\t\t\t<div class=\"wpb_column vc_column_container vc_col-sm-12\"><div class=\"vc_column-inner\"><div class=\"wpb_wrapper\"><\/div><\/div><\/div>\t\t<\/div>\n\t<\/div>\n<\/div>\n\n\n<div class=\"vc_row section-wrapper\" style=\"\">\n\t\n\t<div class=\"container\">\n\t\t<div class=\"row\">\n\t\t\t<div class=\"wpb_column vc_column_container vc_col-sm-12\"><div class=\"vc_column-inner\"><div class=\"wpb_wrapper\"><div class=\"vc_separator wpb_content_element vc_separator_align_center vc_sep_width_100 vc_sep_pos_align_center vc_separator_no_text vc_sep_color_grey\" ><span class=\"vc_sep_holder vc_sep_holder_l\"><span  class=\"vc_sep_line\"><\/span><\/span><span class=\"vc_sep_holder vc_sep_holder_r\"><span  class=\"vc_sep_line\"><\/span><\/span>\n<\/div><\/div><\/div><\/div>\t\t<\/div>\n\t<\/div>\n<\/div>\n\n\n<div class=\"vc_row section-wrapper\" style=\"\">\n\t\n\t<div class=\"container\">\n\t\t<div class=\"row\">\n\t\t\t<div class=\"wpb_column vc_column_container vc_col-sm-12\"><div class=\"vc_column-inner\"><div class=\"wpb_wrapper\"><div class=\"vc_empty_space\"   style=\"height: 32px\"><span class=\"vc_empty_space_inner\"><\/span><\/div><\/div><\/div><\/div>\t\t<\/div>\n\t<\/div>\n<\/div>","protected":false},"excerpt":{"rendered":"<a class=\"more-link\" href=\"https:\/\/sawatzki-muehlenbruch.de\/en\/gcsp-formular\/\">Read More<\/a>","protected":false},"author":92,"featured_media":0,"parent":0,"menu_order":0,"comment_status":"closed","ping_status":"closed","template":"page-templates\/page-no-sidebar.php","meta":{"inline_featured_image":false,"footnotes":""},"class_list":["post-4411","page","type-page","status-publish","hentry"],"_links":{"self":[{"href":"https:\/\/sawatzki-muehlenbruch.de\/en\/wp-json\/wp\/v2\/pages\/4411","targetHints":{"allow":["GET"]}}],"collection":[{"href":"https:\/\/sawatzki-muehlenbruch.de\/en\/wp-json\/wp\/v2\/pages"}],"about":[{"href":"https:\/\/sawatzki-muehlenbruch.de\/en\/wp-json\/wp\/v2\/types\/page"}],"author":[{"embeddable":true,"href":"https:\/\/sawatzki-muehlenbruch.de\/en\/wp-json\/wp\/v2\/users\/92"}],"replies":[{"embeddable":true,"href":"https:\/\/sawatzki-muehlenbruch.de\/en\/wp-json\/wp\/v2\/comments?post=4411"}],"version-history":[{"count":14,"href":"https:\/\/sawatzki-muehlenbruch.de\/en\/wp-json\/wp\/v2\/pages\/4411\/revisions"}],"predecessor-version":[{"id":4620,"href":"https:\/\/sawatzki-muehlenbruch.de\/en\/wp-json\/wp\/v2\/pages\/4411\/revisions\/4620"}],"wp:attachment":[{"href":"https:\/\/sawatzki-muehlenbruch.de\/en\/wp-json\/wp\/v2\/media?parent=4411"}],"curies":[{"name":"wp","href":"https:\/\/api.w.org\/{rel}","templated":true}]}}