{"id":1937,"date":"2020-03-26T20:49:39","date_gmt":"2020-03-26T19:49:39","guid":{"rendered":"https:\/?page_id=1937"},"modified":"2021-10-27T11:27:08","modified_gmt":"2021-10-27T09:27:08","slug":"agb","status":"publish","type":"page","link":"https:\/\/sawatzki-muehlenbruch.de\/en\/agb\/","title":{"rendered":"Allgemeine Gesch\u00e4ftsbedingungen"},"content":{"rendered":"<div class=\"vc_row section-wrapper\" style=\"\">\n\t\n\t<div class=\"container\">\n\t\t<div class=\"row\">\n\t\t\t<div class=\"wpb_column vc_column_container vc_col-sm-12\"><div class=\"vc_column-inner\"><div class=\"wpb_wrapper\">\n\t<div class=\"wpb_text_column wpb_content_element\" >\n\t\t<div class=\"wpb_wrapper\">\n\t\t\t<p>(hereinafter referred to as the Agency)<\/p>\n<h3>\u00a71 Scope of application<\/h3>\n<p>(1) These General Terms and Conditions of the Agency shall apply exclusively; we do not recognise any terms and conditions of the Customer which conflict with or deviate from our General Terms and Conditions unless we have expressly agreed to their validity in writing. Our General Terms and Conditions of Business shall also apply even if we perform the service to the customer without reservation in the knowledge that the customer's terms and conditions are contrary to or deviate from our General Terms and Conditions of Sale.<\/p>\n<p>(2) All agreements made between the Agency and the Customer for the purpose of executing this contract are set out in writing in these General Terms and Conditions.<\/p>\n<p>(3) Our General Terms and Conditions of Business shall only apply to companies within the meaning of \u00a7 310 (1) BGB.<\/p>\n<h3>\u00a72 Conclusion of contract<\/h3>\n<p>(1) Subject to individual agreements to the contrary, the contract shall be concluded in principle by written or e-mail confirmation of the order. Confirmations made verbally or by telephone are also subject to the General Terms and Conditions of Business.<\/p>\n<p>(2) If the customer's order is to be qualified as an offer according to \u00a7 145 BGB, we can accept this offer within 2 weeks by means of a written order confirmation.<\/p>\n<p>(3) Offers on our part are subject to change without notice.<\/p>\n<h3>\u00a7 3 Subject matter of the contract<\/h3>\n<p>(1) On the basis of the contractual relationship concluded with the Client, the Agency shall provide services with different scope of performance in the area of online and offline advertising media.<\/p>\n<p>(2) The scope of services will be adapted to the customer's needs and individually regulated by contract.<\/p>\n<p>3. The Agency shall not execute the contract until it has received all necessary information and data.<\/p>\n<p>(4) The Agency is entitled to commission third parties to fulfil individual or all contractual obligations.<\/p>\n<h3>\u00a7 4 Performance by third parties<\/h3>\n<p>(1) If the Agency has to conclude contracts with third-party providers (e.g. social networks, software licences or providers of web space) in order to fulfil the Client's order, this shall be done exclusively in the name and on behalf of the Client.<\/p>\n<p>(2) Insofar as, in individual cases, contracts for external services are concluded in the name and for the account of the Agency, the Client shall reimburse the Agency for the associated costs.<\/p>\n<h3>\u00a7 5 Cooperation of the client<\/h3>\n<p>(1) The Client undertakes to provide the Agency in good time with all documents necessary for the fulfilment of the order in accordance with the concept. This applies in particular to texts, photos, logos, graphics, films, music, etc.<\/p>\n<p>(2) The Client shall ensure that the documents and material which it makes available to the Agency are not encumbered with third-party rights. The Client shall indemnify the Agency against claims for compensation by third parties resulting from the breach of this obligation. The obligation to indemnify shall not apply if the Client can prove that he is not at fault.<\/p>\n<p>(3) The Client shall hand over the documents in the form agreed with the Agency. In the absence of specific agreements, the Client shall provide the documents both in printed form and electronically in a standard storage format.<\/p>\n<h3>\u00a7 6 Remuneration via the Agency<\/h3>\n<p>(1) The agreed prices are net prices. The statutory value added tax is not included in the prices. It is shown separately on the invoice at the statutory rate on the day of invoicing. If a flat-rate remuneration has been agreed, the Agency may claim additional remuneration for additional services that become necessary due to change requests by the Client or due to unforeseen circumstances for which the Agency is not responsible. This remuneration shall be calculated according to the hours worked.<\/p>\n<p>(2) Unless otherwise stated in the Agency's written order confirmation, the agreed remuneration is due for payment net (without deduction) within 30 days of the invoice date. The statutory regulations concerning the consequences of default of payment shall apply. If the buyer is in arrears with any payment obligations to us, all existing claims are due immediately.<\/p>\n<p>(3) In the case of orders to be fulfilled once, the invoice is issued after confirmation of completion by the customer. In the case of orders for which the Agency provides services over a longer period of several months, the parties shall agree on monthly or quarterly instalments to be paid\/appropriate instalments according to the progress of work.<\/p>\n<h3>\u00a7 7 Licences<\/h3>\n<p>(1) SawatzkiM\u00fchlenbruch sells flat-rate licences for which fixed prices are regularly agreed. Depending on the valid fee model, the offer must include provisions for billing and due dates.<\/p>\n<p>(2) The licensing model of SawatzkiM\u00fchlenbruch is a simple right of use.<\/p>\n<p>3. Licences shall be payable annually. The valid price list always applies. Status 01.01.2017<\/p>\n<h3>\u00a7 8 Gew\u00e4hrleistung auf Software-Entwicklung<\/h3>\n<p>SawatzkiM\u00fchlenbruch gew\u00e4hrleistet die Funktionsf\u00e4higkeit der dem Kunden zur Verf\u00fcgung gestellten, durch SawatzkiM\u00fchlenbruch entwickelten Software f\u00fcr 24 Monate ab dem Datum der \u00dcbergabe der Software an den Kunden oder ab dem Datum, an dem die Software erstmals f\u00fcr den Kunden eingesetzt wird. SawatzkiM\u00fchlenbruch leistet in diesem Zeitraum die Instandhaltung sowie Wartung der Software und f\u00fchrt die\u00a0notwendigen\u00a0technischen Updates durch.<\/p>\n<h3>\u00a7 9 Haftung<\/h3>\n<p>(1) The Agency shall be liable in accordance with the statutory provisions if the Client asserts claims for damages based on intent or gross negligence, including intent or gross negligence on the part of our representatives or vicarious agents. Insofar as the Agency is not accused of intentional breach of contract, liability for damages shall be limited to foreseeable, typically occurring damages.<\/p>\n<p>(2) The Agency shall be liable in accordance with the statutory provisions insofar as it culpably violates an essential contractual obligation; however, even in this case the liability for damages shall be limited to the foreseeable, typically occurring damage.<\/p>\n<p>(3) An essential contractual obligation shall be deemed to exist if the breach of duty relates to an obligation on the fulfilment of which the customer relied and was entitled to rely.<\/p>\n<p>(4) Liability for culpable injury to life, body or health remains unaffected.<\/p>\n<p>(5) Unless otherwise regulated above, liability is excluded.<\/p>\n<p>(6) The limitation period for claims for defects is 12 months, calculated from the date of release.<\/p>\n<p>(7) The Agency is not liable for the correctness and completeness of the factual statements made by the Client about his products, services or company. With the release, the Client assumes responsibility for the correctness of the texts and images. The Agency is not obliged to check the contents for their legality. The agency assumes no liability for damages caused by the services offered or possible trademark infringements by the client statements. The same applies to the creation and optimisation measures carried out by the customer based on the agency's recommendations. The Agency shall only be liable for the admissibility and legal validity of a domain\/web presence if the Agency has expressly committed itself to this and the procurement and registration of the domain is an essential part of the contract.<\/p>\n<p>(8) The Agency shall prepare the service according to the current state of the art. In the event of changes and adaptations to new standards, the Agency shall not be liable for ensuring that a website or application also functions properly on older browsers.<\/p>\n<h3>\u00a7 10 Gesamthaftung<\/h3>\n<p>(1) Any further liability for damages other than that provided for in \u00a7 7 shall be excluded, irrespective of the legal nature of the claim asserted. This applies in particular to claims for damages arising from culpa in contrahendo, other breaches of duty or claims in tort for compensation for property damage in accordance with \u00a7 823 BGB.<\/p>\n<p>(2) The limitation according to paragraph (1) shall also apply if the customer demands compensation for useless expenses instead of a claim for damages.<\/p>\n<p>(3) Insofar as the Agency's liability for damages is excluded or limited, this shall also apply with regard to the personal liability for damages of our employees, workers, staff, representatives and vicarious agents.<\/p>\n<h3>\u00a7 11 Nutzungsrechte<\/h3>\n<p>(1) The Agency shall grant the Client the spatially and temporally unlimited right of public access (\u00a7 19 a UrhG).<\/p>\n<p>(2) Other uses, in particular the duplication or distribution of online and offline advertising media or parts thereof (with the exception of works provided by the Client himself) in printed form or on other websites not designed by the Agency, require the prior written consent of the Agency.<\/p>\n<p>(3) The agency is entitled to affix its copyright designation to the advertising material. The Agency shall have the right to refer to his participation in the creation, in particular by including a reference with a link to his own website.<\/p>\n<p>(4) Changes and editing of the contents of the advertising material, in particular updates of texts, images, graphics and tables as well as technical changes may be made by the Client or third parties commissioned by the Client without the consent of the Agency. On the other hand, changes and editing of the graphic design of the website require the consent of the Agency.<\/p>\n<p>(5) The right of use is only transferred to the client upon full payment of the remuneration.<\/p>\n<h3>\u00a7 12 Herausgabe von Daten<\/h3>\n<p>(1) The Agency shall provide the Advertiser with all data required by the Advertiser to update the advertising material and edit the content. The data format and the type of data carriers shall be determined by mutual agreement between the parties. If no provision is made, the Agency may select a suitable data format and data carrier.<\/p>\n<p>(2) If the Agency has provided the Client with data carriers, files and data, these may only be changed with the consent of the Agency.<\/p>\n<p>(3) Risk and costs of transport of data carriers, files and data online and offline are borne by the client.<\/p>\n<h3>\u00a7 13 Sonstiges<\/h3>\n<p>(1) The agency stores customer data exclusively for contractual and administrative purposes.<\/p>\n<p>(2) Both parties to the contract undertake to treat confidentially any information marked as confidential which becomes known to them in the course of the contract. This obligation shall continue to have effect beyond the end of the contractual relationship.<\/p>\n<h3>\u00a7 14 Salvatorische Klausel<\/h3>\n<p>The invalidity or ineffectiveness of individual provisions of these terms and conditions shall not affect the validity of the remaining provisions.<\/p>\n<h3>\u00a7 15 Gerichtstand<\/h3>\n<p>(1) The law of the Federal Republic of Germany applies, in particular the German Civil Code and Commercial Code.<\/p>\n<p>(2) The place of jurisdiction is either Essen or Frankfurt am Main at our discretion.<\/p>\n<p>(3) In the event that the Client does not have a general place of jurisdiction in the Federal Republic of Germany or moves its registered office or habitual residence abroad after conclusion of the contract, the place of business shall be agreed by the Agency as the place of jurisdiction.<\/p>\n<h3>\u00a7 16 Verg\u00fctung \u00fcber VR FACTOREM GmbH<\/h3>\n<p>(1) We are entitled to assign the claims from our business relations.<\/p>\n<p>(2) It is not necessary to withdraw from the contract in order to assert the rights from retention of title, unless the debtor is a consumer.<\/p>\n<p>(3) All payments are to be made with debt-discharging effect exclusively to VR FACTOREM GmbH, Ludwig-Erhard-Stra\u00dfe 30 - 34, 65760 Eschborn, to which we have assigned our present and future claims arising from our business relationship. We have also transferred our reserved property to VR FACTOREM GmbH.<\/p>\n<p>(4) Offsetting by the purchaser with counterclaims is excluded, unless the counterclaims are undisputed or have been legally established. The assertion of a right of retention by the purchaser is excluded, unless it is based on the same contractual relationship or the counterclaims are undisputed or have been legally established.<\/p>\n\n\t\t<\/div>\n\t<\/div>\n<\/div><\/div><\/div>\t\t<\/div>\n\t<\/div>\n<\/div>","protected":false},"excerpt":{"rendered":"<a class=\"more-link\" href=\"https:\/\/sawatzki-muehlenbruch.de\/en\/agb\/\">Read More<\/a>","protected":false},"author":92,"featured_media":0,"parent":0,"menu_order":16,"comment_status":"closed","ping_status":"closed","template":"page-templates\/page-no-sidebar.php","meta":{"inline_featured_image":false,"footnotes":""},"class_list":["post-1937","page","type-page","status-publish","hentry"],"_links":{"self":[{"href":"https:\/\/sawatzki-muehlenbruch.de\/en\/wp-json\/wp\/v2\/pages\/1937","targetHints":{"allow":["GET"]}}],"collection":[{"href":"https:\/\/sawatzki-muehlenbruch.de\/en\/wp-json\/wp\/v2\/pages"}],"about":[{"href":"https:\/\/sawatzki-muehlenbruch.de\/en\/wp-json\/wp\/v2\/types\/page"}],"author":[{"embeddable":true,"href":"https:\/\/sawatzki-muehlenbruch.de\/en\/wp-json\/wp\/v2\/users\/92"}],"replies":[{"embeddable":true,"href":"https:\/\/sawatzki-muehlenbruch.de\/en\/wp-json\/wp\/v2\/comments?post=1937"}],"version-history":[{"count":2,"href":"https:\/\/sawatzki-muehlenbruch.de\/en\/wp-json\/wp\/v2\/pages\/1937\/revisions"}],"predecessor-version":[{"id":3416,"href":"https:\/\/sawatzki-muehlenbruch.de\/en\/wp-json\/wp\/v2\/pages\/1937\/revisions\/3416"}],"wp:attachment":[{"href":"https:\/\/sawatzki-muehlenbruch.de\/en\/wp-json\/wp\/v2\/media?parent=1937"}],"curies":[{"name":"wp","href":"https:\/\/api.w.org\/{rel}","templated":true}]}}